{"id":171,"date":"2025-02-03T10:14:10","date_gmt":"2025-02-03T09:14:10","guid":{"rendered":"https:\/\/www.ostravskasportovni.cz\/?page_id=171"},"modified":"2025-02-03T10:17:31","modified_gmt":"2025-02-03T09:17:31","slug":"gdpr","status":"publish","type":"page","link":"https:\/\/www.ostravskasportovni.cz\/?page_id=171","title":{"rendered":"Ochrana osobn\u00edch \u00fadaj\u016f GDPR"},"content":{"rendered":"\t\t<div data-elementor-type=\"wp-post\" data-elementor-id=\"171\" class=\"elementor elementor-171\" data-elementor-settings=\"{&quot;ha_cmc_init_switcher&quot;:&quot;no&quot;}\">\n\t\t\t\t<div class=\"elementor-element elementor-element-9926fca e-con-full e-flex e-con e-parent\" data-id=\"9926fca\" data-element_type=\"container\" data-e-type=\"container\" data-settings=\"{&quot;background_background&quot;:&quot;classic&quot;,&quot;_ha_eqh_enable&quot;:false}\">\n\t\t<div class=\"elementor-element elementor-element-ee225c5 e-con-full e-flex e-con e-child\" data-id=\"ee225c5\" data-element_type=\"container\" data-e-type=\"container\" data-settings=\"{&quot;_ha_eqh_enable&quot;:false}\">\n\t\t\t\t<div class=\"elementor-element elementor-element-379b656 animated-slow elementor-invisible elementor-widget elementor-widget-heading\" data-id=\"379b656\" data-element_type=\"widget\" data-e-type=\"widget\" data-settings=\"{&quot;_animation&quot;:&quot;zoomIn&quot;,&quot;_animation_delay&quot;:250}\" data-widget_type=\"heading.default\">\n\t\t\t\t<div class=\"elementor-widget-container\">\n\t\t\t\t\t<h1 class=\"elementor-heading-title elementor-size-default\">Ochrana osobn\u00edch \u00fadaj\u016f GDPR<\/h1>\t\t\t\t<\/div>\n\t\t\t\t<\/div>\n\t\t\t\t<\/div>\n\t\t\t\t<\/div>\n\t\t<div class=\"elementor-element elementor-element-2864585 e-con-full e-flex e-con e-parent\" data-id=\"2864585\" data-element_type=\"container\" data-e-type=\"container\" data-settings=\"{&quot;_ha_eqh_enable&quot;:false}\">\n\t\t\t\t<div class=\"elementor-element elementor-element-3240776 elementor-widget elementor-widget-heading\" data-id=\"3240776\" data-element_type=\"widget\" data-e-type=\"widget\" data-widget_type=\"heading.default\">\n\t\t\t\t<div class=\"elementor-widget-container\">\n\t\t\t\t\t<h2 class=\"elementor-heading-title elementor-size-default\">str\u00e1nku p\u0159ipravujeme<\/h2>\t\t\t\t<\/div>\n\t\t\t\t<\/div>\n\t\t\t\t<div class=\"elementor-element elementor-element-984f132 elementor-widget-divider--view-line_text elementor-widget-divider--element-align-center elementor-widget elementor-widget-divider\" data-id=\"984f132\" data-element_type=\"widget\" data-e-type=\"widget\" data-widget_type=\"divider.default\">\n\t\t\t\t<div class=\"elementor-widget-container\">\n\t\t\t\t\t\t\t<div class=\"elementor-divider\">\n\t\t\t<span class=\"elementor-divider-separator\">\n\t\t\t\t\t\t\t<span class=\"elementor-divider__text elementor-divider__element\">\n\t\t\t\tOSTRAVSK\u00c1 SPORTOVN\u00cd\t\t\t\t<\/span>\n\t\t\t\t\t\t<\/span>\n\t\t<\/div>\n\t\t\t\t\t\t<\/div>\n\t\t\t\t<\/div>\n\t\t\t\t<div class=\"elementor-element elementor-element-40d49c7 elementor-widget elementor-widget-image\" data-id=\"40d49c7\" data-element_type=\"widget\" data-e-type=\"widget\" data-widget_type=\"image.default\">\n\t\t\t\t<div class=\"elementor-widget-container\">\n\t\t\t\t\t\t\t\t\t\t\t\t\t\t\t\t<a href=\"https:\/\/www.ostravskasportovni.cz\/\">\n\t\t\t\t\t\t\t<img fetchpriority=\"high\" decoding=\"async\" width=\"300\" height=\"300\" src=\"https:\/\/www.ostravskasportovni.cz\/wp-content\/uploads\/2025\/02\/LOGO-OSPORTOVNI-11-300x300.jpg\" class=\"elementor-animation-pulse-grow attachment-medium size-medium wp-image-161\" alt=\"\" srcset=\"https:\/\/www.ostravskasportovni.cz\/wp-content\/uploads\/2025\/02\/LOGO-OSPORTOVNI-11-300x300.jpg 300w, https:\/\/www.ostravskasportovni.cz\/wp-content\/uploads\/2025\/02\/LOGO-OSPORTOVNI-11-1024x1024.jpg 1024w, https:\/\/www.ostravskasportovni.cz\/wp-content\/uploads\/2025\/02\/LOGO-OSPORTOVNI-11-150x150.jpg 150w, https:\/\/www.ostravskasportovni.cz\/wp-content\/uploads\/2025\/02\/LOGO-OSPORTOVNI-11-768x768.jpg 768w, https:\/\/www.ostravskasportovni.cz\/wp-content\/uploads\/2025\/02\/LOGO-OSPORTOVNI-11-600x600.jpg 600w, https:\/\/www.ostravskasportovni.cz\/wp-content\/uploads\/2025\/02\/LOGO-OSPORTOVNI-11.jpg 1268w\" sizes=\"(max-width: 300px) 100vw, 300px\" \/>\t\t\t\t\t\t\t\t<\/a>\n\t\t\t\t\t\t\t\t\t\t\t\t\t\t\t<\/div>\n\t\t\t\t<\/div>\n\t\t\t\t<\/div>\n\t\t\t\t<\/div>\n\t\t","protected":false},"excerpt":{"rendered":"<p>Ochrana osobn\u00edch \u00fadaj\u016f GDPR str\u00e1nku p\u0159ipravujeme OSTRAVSK\u00c1 SPORTOVN\u00cd<\/p>\n","protected":false},"author":1,"featured_media":161,"parent":0,"menu_order":22,"comment_status":"closed","ping_status":"closed","template":"elementor_header_footer","meta":{"footnotes":""},"class_list":["post-171","page","type-page","status-publish","has-post-thumbnail","hentry","entry","has-media"],"yoast_head":"<!-- This site is optimized with the Yoast SEO plugin v27.4 - https:\/\/yoast.com\/product\/yoast-seo-wordpress\/ -->\n<title>Ostravsk\u00e1 sportovn\u00ed z.s.<\/title>\n<meta name=\"description\" content=\"Jsme specialist\u00e9 na \u00fadr\u017ebu a regeneraci p\u0159\u00edrodn\u00edch a um\u011bl\u00fdch fotbalov\u00fdch ploch a va\u0161e osobn\u00ed data sb\u00edr\u00e1me citliv\u011b a zach\u00e1z\u00edme s nimi jako se sv\u00fdmi vlastn\u00edmi.\" \/>\n<meta name=\"robots\" content=\"index, follow, max-snippet:-1, max-image-preview:large, max-video-preview:-1\" \/>\n<link rel=\"canonical\" href=\"https:\/\/www.ostravskasportovni.cz\/?page_id=171\" \/>\n<meta property=\"og:locale\" content=\"cs_CZ\" \/>\n<meta property=\"og:type\" content=\"article\" \/>\n<meta property=\"og:title\" content=\"Ostravsk\u00e1 sportovn\u00ed\" \/>\n<meta property=\"og:description\" content=\"Jsme specialist\u00e9 na \u00fadr\u017ebu a regeneraci p\u0159\u00edrodn\u00edch a um\u011bl\u00fdch fotbalov\u00fdch ploch a va\u0161e osobn\u00ed data sb\u00edr\u00e1me citliv\u011b a zach\u00e1z\u00edme s nimi jako se sv\u00fdmi vlastn\u00edmi.\" \/>\n<meta property=\"og:url\" content=\"https:\/\/www.ostravskasportovni.cz\/?page_id=171\" \/>\n<meta property=\"og:site_name\" content=\"Ostravsk\u00e1 sportovn\u00ed\" \/>\n<meta property=\"article:modified_time\" content=\"2025-02-03T09:17:31+00:00\" \/>\n<meta property=\"og:image\" content=\"https:\/\/www.ostravskasportovni.cz\/wp-content\/uploads\/2025\/02\/LOGO-OSPORTOVNI-11.jpg\" \/>\n\t<meta property=\"og:image:width\" content=\"1268\" \/>\n\t<meta property=\"og:image:height\" content=\"1268\" \/>\n\t<meta property=\"og:image:type\" content=\"image\/jpeg\" \/>\n<meta name=\"twitter:card\" content=\"summary_large_image\" \/>\n<meta name=\"twitter:title\" content=\"Ostravsk\u00e1 sportovn\u00ed\" \/>\n<meta name=\"twitter:description\" content=\"Jsme specialist\u00e9 na \u00fadr\u017ebu a regeneraci p\u0159\u00edrodn\u00edch a um\u011bl\u00fdch fotbalov\u00fdch ploch a va\u0161e osobn\u00ed data sb\u00edr\u00e1me citliv\u011b a zach\u00e1z\u00edme s nimi jako se sv\u00fdmi vlastn\u00edmi.\" \/>\n<meta name=\"twitter:image\" content=\"https:\/\/www.ostravskasportovni.cz\/wp-content\/uploads\/2025\/02\/LOGO-OSPORTOVNI-11.jpg\" \/>\n<meta name=\"twitter:label1\" content=\"Odhadovan\u00e1 doba \u010dten\u00ed\" \/>\n\t<meta name=\"twitter:data1\" content=\"1 minuta\" \/>\n<script type=\"application\/ld+json\" class=\"yoast-schema-graph\">{\"@context\":\"https:\\\/\\\/schema.org\",\"@graph\":[{\"@type\":\"WebPage\",\"@id\":\"https:\\\/\\\/www.ostravskasportovni.cz\\\/?page_id=171\",\"url\":\"https:\\\/\\\/www.ostravskasportovni.cz\\\/?page_id=171\",\"name\":\"Ostravsk\u00e1 sportovn\u00ed z.s.\",\"isPartOf\":{\"@id\":\"https:\\\/\\\/www.ostravskasportovni.cz\\\/#website\"},\"primaryImageOfPage\":{\"@id\":\"https:\\\/\\\/www.ostravskasportovni.cz\\\/?page_id=171#primaryimage\"},\"image\":{\"@id\":\"https:\\\/\\\/www.ostravskasportovni.cz\\\/?page_id=171#primaryimage\"},\"thumbnailUrl\":\"https:\\\/\\\/www.ostravskasportovni.cz\\\/wp-content\\\/uploads\\\/2025\\\/02\\\/LOGO-OSPORTOVNI-11.jpg\",\"datePublished\":\"2025-02-03T09:14:10+00:00\",\"dateModified\":\"2025-02-03T09:17:31+00:00\",\"description\":\"Jsme specialist\u00e9 na \u00fadr\u017ebu a regeneraci p\u0159\u00edrodn\u00edch a um\u011bl\u00fdch fotbalov\u00fdch ploch a va\u0161e osobn\u00ed data sb\u00edr\u00e1me citliv\u011b a zach\u00e1z\u00edme s nimi jako se sv\u00fdmi vlastn\u00edmi.\",\"breadcrumb\":{\"@id\":\"https:\\\/\\\/www.ostravskasportovni.cz\\\/?page_id=171#breadcrumb\"},\"inLanguage\":\"cs\",\"potentialAction\":[{\"@type\":\"ReadAction\",\"target\":[\"https:\\\/\\\/www.ostravskasportovni.cz\\\/?page_id=171\"]}]},{\"@type\":\"ImageObject\",\"inLanguage\":\"cs\",\"@id\":\"https:\\\/\\\/www.ostravskasportovni.cz\\\/?page_id=171#primaryimage\",\"url\":\"https:\\\/\\\/www.ostravskasportovni.cz\\\/wp-content\\\/uploads\\\/2025\\\/02\\\/LOGO-OSPORTOVNI-11.jpg\",\"contentUrl\":\"https:\\\/\\\/www.ostravskasportovni.cz\\\/wp-content\\\/uploads\\\/2025\\\/02\\\/LOGO-OSPORTOVNI-11.jpg\",\"width\":1268,\"height\":1268},{\"@type\":\"BreadcrumbList\",\"@id\":\"https:\\\/\\\/www.ostravskasportovni.cz\\\/?page_id=171#breadcrumb\",\"itemListElement\":[{\"@type\":\"ListItem\",\"position\":1,\"name\":\"Dom\u016f\",\"item\":\"https:\\\/\\\/www.ostravskasportovni.cz\\\/\"},{\"@type\":\"ListItem\",\"position\":2,\"name\":\"Ochrana osobn\u00edch \u00fadaj\u016f GDPR\"}]},{\"@type\":\"WebSite\",\"@id\":\"https:\\\/\\\/www.ostravskasportovni.cz\\\/#website\",\"url\":\"https:\\\/\\\/www.ostravskasportovni.cz\\\/\",\"name\":\"Ostravsk\u00e1 sportovn\u00ed\",\"description\":\"\u00dadr\u017eba a spr\u00e1va fotbalov\u00fdch tr\u00e1vn\u00edk\u016f a h\u0159i\u0161\u0165\",\"publisher\":{\"@id\":\"https:\\\/\\\/www.ostravskasportovni.cz\\\/#organization\"},\"potentialAction\":[{\"@type\":\"SearchAction\",\"target\":{\"@type\":\"EntryPoint\",\"urlTemplate\":\"https:\\\/\\\/www.ostravskasportovni.cz\\\/?s={search_term_string}\"},\"query-input\":{\"@type\":\"PropertyValueSpecification\",\"valueRequired\":true,\"valueName\":\"search_term_string\"}}],\"inLanguage\":\"cs\"},{\"@type\":\"Organization\",\"@id\":\"https:\\\/\\\/www.ostravskasportovni.cz\\\/#organization\",\"name\":\"Ostravsk\u00e1 sportovn\u00ed\",\"url\":\"https:\\\/\\\/www.ostravskasportovni.cz\\\/\",\"logo\":{\"@type\":\"ImageObject\",\"inLanguage\":\"cs\",\"@id\":\"https:\\\/\\\/www.ostravskasportovni.cz\\\/#\\\/schema\\\/logo\\\/image\\\/\",\"url\":\"https:\\\/\\\/www.ostravskasportovni.cz\\\/wp-content\\\/uploads\\\/2025\\\/02\\\/LOGO-OSPORTOVNI-SMALLe.jpg\",\"contentUrl\":\"https:\\\/\\\/www.ostravskasportovni.cz\\\/wp-content\\\/uploads\\\/2025\\\/02\\\/LOGO-OSPORTOVNI-SMALLe.jpg\",\"width\":778,\"height\":276,\"caption\":\"Ostravsk\u00e1 sportovn\u00ed\"},\"image\":{\"@id\":\"https:\\\/\\\/www.ostravskasportovni.cz\\\/#\\\/schema\\\/logo\\\/image\\\/\"}}]}<\/script>\n<!-- \/ Yoast SEO plugin. -->","yoast_head_json":{"title":"Ostravsk\u00e1 sportovn\u00ed z.s.","description":"Jsme specialist\u00e9 na \u00fadr\u017ebu a regeneraci p\u0159\u00edrodn\u00edch a um\u011bl\u00fdch fotbalov\u00fdch ploch a va\u0161e osobn\u00ed data sb\u00edr\u00e1me citliv\u011b a zach\u00e1z\u00edme s nimi jako se sv\u00fdmi vlastn\u00edmi.","robots":{"index":"index","follow":"follow","max-snippet":"max-snippet:-1","max-image-preview":"max-image-preview:large","max-video-preview":"max-video-preview:-1"},"canonical":"https:\/\/www.ostravskasportovni.cz\/?page_id=171","og_locale":"cs_CZ","og_type":"article","og_title":"Ostravsk\u00e1 sportovn\u00ed","og_description":"Jsme specialist\u00e9 na \u00fadr\u017ebu a regeneraci p\u0159\u00edrodn\u00edch a um\u011bl\u00fdch fotbalov\u00fdch ploch a va\u0161e osobn\u00ed data sb\u00edr\u00e1me citliv\u011b a zach\u00e1z\u00edme s nimi jako se sv\u00fdmi vlastn\u00edmi.","og_url":"https:\/\/www.ostravskasportovni.cz\/?page_id=171","og_site_name":"Ostravsk\u00e1 sportovn\u00ed","article_modified_time":"2025-02-03T09:17:31+00:00","og_image":[{"width":1268,"height":1268,"url":"https:\/\/www.ostravskasportovni.cz\/wp-content\/uploads\/2025\/02\/LOGO-OSPORTOVNI-11.jpg","type":"image\/jpeg"}],"twitter_card":"summary_large_image","twitter_title":"Ostravsk\u00e1 sportovn\u00ed","twitter_description":"Jsme specialist\u00e9 na \u00fadr\u017ebu a regeneraci p\u0159\u00edrodn\u00edch a um\u011bl\u00fdch fotbalov\u00fdch ploch a va\u0161e osobn\u00ed data sb\u00edr\u00e1me citliv\u011b a zach\u00e1z\u00edme s nimi jako se sv\u00fdmi vlastn\u00edmi.","twitter_image":"https:\/\/www.ostravskasportovni.cz\/wp-content\/uploads\/2025\/02\/LOGO-OSPORTOVNI-11.jpg","twitter_misc":{"Odhadovan\u00e1 doba \u010dten\u00ed":"1 minuta"},"schema":{"@context":"https:\/\/schema.org","@graph":[{"@type":"WebPage","@id":"https:\/\/www.ostravskasportovni.cz\/?page_id=171","url":"https:\/\/www.ostravskasportovni.cz\/?page_id=171","name":"Ostravsk\u00e1 sportovn\u00ed z.s.","isPartOf":{"@id":"https:\/\/www.ostravskasportovni.cz\/#website"},"primaryImageOfPage":{"@id":"https:\/\/www.ostravskasportovni.cz\/?page_id=171#primaryimage"},"image":{"@id":"https:\/\/www.ostravskasportovni.cz\/?page_id=171#primaryimage"},"thumbnailUrl":"https:\/\/www.ostravskasportovni.cz\/wp-content\/uploads\/2025\/02\/LOGO-OSPORTOVNI-11.jpg","datePublished":"2025-02-03T09:14:10+00:00","dateModified":"2025-02-03T09:17:31+00:00","description":"Jsme specialist\u00e9 na \u00fadr\u017ebu a regeneraci p\u0159\u00edrodn\u00edch a um\u011bl\u00fdch fotbalov\u00fdch ploch a va\u0161e osobn\u00ed data sb\u00edr\u00e1me citliv\u011b a zach\u00e1z\u00edme s nimi jako se sv\u00fdmi vlastn\u00edmi.","breadcrumb":{"@id":"https:\/\/www.ostravskasportovni.cz\/?page_id=171#breadcrumb"},"inLanguage":"cs","potentialAction":[{"@type":"ReadAction","target":["https:\/\/www.ostravskasportovni.cz\/?page_id=171"]}]},{"@type":"ImageObject","inLanguage":"cs","@id":"https:\/\/www.ostravskasportovni.cz\/?page_id=171#primaryimage","url":"https:\/\/www.ostravskasportovni.cz\/wp-content\/uploads\/2025\/02\/LOGO-OSPORTOVNI-11.jpg","contentUrl":"https:\/\/www.ostravskasportovni.cz\/wp-content\/uploads\/2025\/02\/LOGO-OSPORTOVNI-11.jpg","width":1268,"height":1268},{"@type":"BreadcrumbList","@id":"https:\/\/www.ostravskasportovni.cz\/?page_id=171#breadcrumb","itemListElement":[{"@type":"ListItem","position":1,"name":"Dom\u016f","item":"https:\/\/www.ostravskasportovni.cz\/"},{"@type":"ListItem","position":2,"name":"Ochrana osobn\u00edch \u00fadaj\u016f GDPR"}]},{"@type":"WebSite","@id":"https:\/\/www.ostravskasportovni.cz\/#website","url":"https:\/\/www.ostravskasportovni.cz\/","name":"Ostravsk\u00e1 sportovn\u00ed","description":"\u00dadr\u017eba a spr\u00e1va fotbalov\u00fdch tr\u00e1vn\u00edk\u016f a h\u0159i\u0161\u0165","publisher":{"@id":"https:\/\/www.ostravskasportovni.cz\/#organization"},"potentialAction":[{"@type":"SearchAction","target":{"@type":"EntryPoint","urlTemplate":"https:\/\/www.ostravskasportovni.cz\/?s={search_term_string}"},"query-input":{"@type":"PropertyValueSpecification","valueRequired":true,"valueName":"search_term_string"}}],"inLanguage":"cs"},{"@type":"Organization","@id":"https:\/\/www.ostravskasportovni.cz\/#organization","name":"Ostravsk\u00e1 sportovn\u00ed","url":"https:\/\/www.ostravskasportovni.cz\/","logo":{"@type":"ImageObject","inLanguage":"cs","@id":"https:\/\/www.ostravskasportovni.cz\/#\/schema\/logo\/image\/","url":"https:\/\/www.ostravskasportovni.cz\/wp-content\/uploads\/2025\/02\/LOGO-OSPORTOVNI-SMALLe.jpg","contentUrl":"https:\/\/www.ostravskasportovni.cz\/wp-content\/uploads\/2025\/02\/LOGO-OSPORTOVNI-SMALLe.jpg","width":778,"height":276,"caption":"Ostravsk\u00e1 sportovn\u00ed"},"image":{"@id":"https:\/\/www.ostravskasportovni.cz\/#\/schema\/logo\/image\/"}}]}},"_links":{"self":[{"href":"https:\/\/www.ostravskasportovni.cz\/index.php?rest_route=\/wp\/v2\/pages\/171","targetHints":{"allow":["GET"]}}],"collection":[{"href":"https:\/\/www.ostravskasportovni.cz\/index.php?rest_route=\/wp\/v2\/pages"}],"about":[{"href":"https:\/\/www.ostravskasportovni.cz\/index.php?rest_route=\/wp\/v2\/types\/page"}],"author":[{"embeddable":true,"href":"https:\/\/www.ostravskasportovni.cz\/index.php?rest_route=\/wp\/v2\/users\/1"}],"replies":[{"embeddable":true,"href":"https:\/\/www.ostravskasportovni.cz\/index.php?rest_route=%2Fwp%2Fv2%2Fcomments&post=171"}],"version-history":[{"count":4,"href":"https:\/\/www.ostravskasportovni.cz\/index.php?rest_route=\/wp\/v2\/pages\/171\/revisions"}],"predecessor-version":[{"id":175,"href":"https:\/\/www.ostravskasportovni.cz\/index.php?rest_route=\/wp\/v2\/pages\/171\/revisions\/175"}],"wp:featuredmedia":[{"embeddable":true,"href":"https:\/\/www.ostravskasportovni.cz\/index.php?rest_route=\/wp\/v2\/media\/161"}],"wp:attachment":[{"href":"https:\/\/www.ostravskasportovni.cz\/index.php?rest_route=%2Fwp%2Fv2%2Fmedia&parent=171"}],"curies":[{"name":"wp","href":"https:\/\/api.w.org\/{rel}","templated":true}]}}